{"id":280,"date":"2021-12-26T12:17:37","date_gmt":"2021-12-26T09:17:37","guid":{"rendered":"https:\/\/www.synergie-ev.de\/?page_id=280"},"modified":"2026-01-08T01:19:41","modified_gmt":"2026-01-07T22:19:41","slug":"lernhilfe","status":"publish","type":"page","link":"https:\/\/www.synergie-ev.de\/?page_id=280","title":{"rendered":"Lernhilfe"},"content":{"rendered":"\n<p><strong>Allgemeines:<\/strong><\/p>\n\n\n\n<p>Nachhilfe 1.-13. Klasse<\/p>\n\n\n\n<p>Kleine Gruppen (max. 7 Teilnehmer)<\/p>\n\n\n\n<p>Einzelunterricht<\/p>\n\n\n\n<p>Hausaufgabenbetreuung<\/p>\n\n\n\n<p>Mathematik, Deutsch, Englisch und andere F\u00e4cher<\/p>\n\n\n\n<p>Pr\u00fcfungsvorbereitung<\/p>\n\n\n\n<p><strong>Vorbereitung auf die Abschlusspr\u00fcfungen<\/strong><\/p>\n\n\n\n<p>Klassenarbeitsvorbereitung und methodische Anleitungen, Hilfen, Tipps und Tricks in den F\u00e4chern Mathematik, Deutsch, Englisch<\/p>\n\n\n\n<p>Vorbereitung auf die Abitur-Pr\u00fcfung in den F\u00e4chern Mathematik, Englisch<\/p>\n\n\n\n<p>Vorbereitung auf die zentrale Pr\u00fcfung am Ende der Klasse 10<\/p>\n\n\n\n<p>Vorbereitung auf die Eurocom-Pr\u00fcfung<\/p>\n\n\n\n<p>6 Unterrichtsstunden in der Woche<\/p>\n\n\n\n<p>Kostenlose Nachhilfe in den Ferien<\/p>\n\n\n\n<p><strong>Erfolgreiches p\u00e4dagogisches Konzept:<\/strong><\/p>\n\n\n\n<p>Geschulte Lehrkr\u00e4fte<\/p>\n\n\n\n<p>Kleine Gruppen<\/p>\n\n\n\n<p>St\u00e4rkung der sozialen Kompetenz<\/p>\n\n\n\n<p>Seminare f\u00fcr Eltern und Kinder<\/p>\n\n\n\n<p>Zusammenarbeit mit Schulen und Lehrern<\/p>\n","protected":false},"excerpt":{"rendered":"<p>Allgemeines: Nachhilfe 1.-13. Klasse Kleine Gruppen (max. 7 Teilnehmer) Einzelunterricht Hausaufgabenbetreuung Mathematik, Deutsch, Englisch und andere F\u00e4cher Pr\u00fcfungsvorbereitung Vorbereitung auf die Abschlusspr\u00fcfungen Klassenarbeitsvorbereitung und methodische Anleitungen, Hilfen, Tipps und Tricks in den F\u00e4chern Mathematik, Deutsch, Englisch Vorbereitung auf die Abitur-Pr\u00fcfung<\/p>\n","protected":false},"author":1,"featured_media":959,"parent":0,"menu_order":0,"comment_status":"closed","ping_status":"closed","template":"","meta":{"footnotes":""},"class_list":["post-280","page","type-page","status-publish","has-post-thumbnail","hentry"],"_links":{"self":[{"href":"https:\/\/www.synergie-ev.de\/index.php?rest_route=\/wp\/v2\/pages\/280","targetHints":{"allow":["GET"]}}],"collection":[{"href":"https:\/\/www.synergie-ev.de\/index.php?rest_route=\/wp\/v2\/pages"}],"about":[{"href":"https:\/\/www.synergie-ev.de\/index.php?rest_route=\/wp\/v2\/types\/page"}],"author":[{"embeddable":true,"href":"https:\/\/www.synergie-ev.de\/index.php?rest_route=\/wp\/v2\/users\/1"}],"replies":[{"embeddable":true,"href":"https:\/\/www.synergie-ev.de\/index.php?rest_route=%2Fwp%2Fv2%2Fcomments&post=280"}],"version-history":[{"count":1,"href":"https:\/\/www.synergie-ev.de\/index.php?rest_route=\/wp\/v2\/pages\/280\/revisions"}],"predecessor-version":[{"id":282,"href":"https:\/\/www.synergie-ev.de\/index.php?rest_route=\/wp\/v2\/pages\/280\/revisions\/282"}],"wp:featuredmedia":[{"embeddable":true,"href":"https:\/\/www.synergie-ev.de\/index.php?rest_route=\/wp\/v2\/media\/959"}],"wp:attachment":[{"href":"https:\/\/www.synergie-ev.de\/index.php?rest_route=%2Fwp%2Fv2%2Fmedia&parent=280"}],"curies":[{"name":"wp","href":"https:\/\/api.w.org\/{rel}","templated":true}]}}