{"id":308,"date":"2021-12-27T00:42:01","date_gmt":"2021-12-26T21:42:01","guid":{"rendered":"https:\/\/www.synergie-ev.de\/?page_id=308"},"modified":"2021-12-27T00:42:02","modified_gmt":"2021-12-26T21:42:02","slug":"wettbewerbe","status":"publish","type":"page","link":"https:\/\/www.synergie-ev.de\/?page_id=308","title":{"rendered":"Wettbewerbe"},"content":{"rendered":"\n<p><a href=\"http:\/\/www.pangea-wettbewerb.de\/\" target=\"_blank\" rel=\"noreferrer noopener\"><strong>PANGEA-Mathematik-Wettbewerb<\/strong><\/a><\/p>\n\n\n\n<figure class=\"wp-block-image is-style-default\"><a href=\"http:\/\/pangea-wettbewerb.de\/\" target=\"_blank\" rel=\"noreferrer noopener\"><img decoding=\"async\" src=\"https:\/\/lernkreis-weinheim.de\/wp-content\/uploads\/2014\/07\/ppnn-300x244.jpg\" alt=\"ppnn\" class=\"wp-image-90\"\/><\/a><\/figure>\n\n\n\n<p>Anmeldezeitraum: 01.09.2015 \u2013 25.01.2016 .Die Vorrunde findet am&nbsp;&nbsp; 24.02.2016 statt.Zur Zwischenrunde am&nbsp;30.04.2016 werden die besten der jeweiligen Bundesl\u00e4nder eingeladen.<br>Austragungsorte werden Organisationspartner und Schulen vor Ort sein.Regionalfinale &amp; Preisverleihung- Termine folgenWeitere Informationen finden Sie&nbsp;&nbsp;<a href=\"http:\/\/pangea-wettbewerb.de\/\" target=\"_blank\" rel=\"noreferrer noopener\">HIER<\/a><\/p>\n\n\n\n<p><a href=\"http:\/\/kultur-olympiade.de\/\" target=\"_blank\" rel=\"noreferrer noopener\"><strong>Deutsch \u2013 T\u00fcrkische Kulturolympiade<\/strong><\/a><\/p>\n\n\n\n<figure class=\"wp-block-image is-style-default\"><a href=\"http:\/\/kulturolympiade.de\/\" target=\"_blank\" rel=\"noreferrer noopener\"><img decoding=\"async\" src=\"https:\/\/lernkreis-weinheim.de\/wp-content\/uploads\/2014\/07\/dtko.jpg\" alt=\"dtko\" class=\"wp-image-156\"\/><\/a><\/figure>\n\n\n\n<p>Lernkreis Weinheim legt auf die F\u00f6rderung sowohl der deutschen als auch der t\u00fcrkischen Sprachkenntnisse der Sch\u00fcler gro\u00dfen Wert. Deshalb wird jedes Jahr ein&nbsp;Deutsch-T\u00fcrkische Kulturolympiade unter den Sch\u00fclern des&nbsp;Lernkreis Weinheim\u00b4s veranstaltet, wobei die Sch\u00fcler in den Kategorien Gesang, Gedicht und Showperformance gegeneinander antreten.<\/p>\n\n\n\n<p>Weitere Informationen finden Sie&nbsp;<a href=\"http:\/\/kultur-olympiade.de\/\" target=\"_blank\" rel=\"noreferrer noopener\">HIER<\/a><\/p>\n","protected":false},"excerpt":{"rendered":"<p>PANGEA-Mathematik-Wettbewerb Anmeldezeitraum: 01.09.2015 \u2013 25.01.2016 .Die Vorrunde findet am&nbsp;&nbsp; 24.02.2016 statt.Zur Zwischenrunde am&nbsp;30.04.2016 werden die besten der jeweiligen Bundesl\u00e4nder eingeladen.Austragungsorte werden Organisationspartner und Schulen vor Ort sein.Regionalfinale &amp; Preisverleihung- Termine folgenWeitere Informationen finden Sie&nbsp;&nbsp;HIER Deutsch \u2013 T\u00fcrkische Kulturolympiade Lernkreis Weinheim<\/p>\n","protected":false},"author":1,"featured_media":0,"parent":0,"menu_order":0,"comment_status":"closed","ping_status":"closed","template":"","meta":{"footnotes":""},"class_list":["post-308","page","type-page","status-publish","hentry"],"_links":{"self":[{"href":"https:\/\/www.synergie-ev.de\/index.php?rest_route=\/wp\/v2\/pages\/308","targetHints":{"allow":["GET"]}}],"collection":[{"href":"https:\/\/www.synergie-ev.de\/index.php?rest_route=\/wp\/v2\/pages"}],"about":[{"href":"https:\/\/www.synergie-ev.de\/index.php?rest_route=\/wp\/v2\/types\/page"}],"author":[{"embeddable":true,"href":"https:\/\/www.synergie-ev.de\/index.php?rest_route=\/wp\/v2\/users\/1"}],"replies":[{"embeddable":true,"href":"https:\/\/www.synergie-ev.de\/index.php?rest_route=%2Fwp%2Fv2%2Fcomments&post=308"}],"version-history":[{"count":1,"href":"https:\/\/www.synergie-ev.de\/index.php?rest_route=\/wp\/v2\/pages\/308\/revisions"}],"predecessor-version":[{"id":310,"href":"https:\/\/www.synergie-ev.de\/index.php?rest_route=\/wp\/v2\/pages\/308\/revisions\/310"}],"wp:attachment":[{"href":"https:\/\/www.synergie-ev.de\/index.php?rest_route=%2Fwp%2Fv2%2Fmedia&parent=308"}],"curies":[{"name":"wp","href":"https:\/\/api.w.org\/{rel}","templated":true}]}}