{"id":650,"date":"2024-02-22T23:57:04","date_gmt":"2024-02-22T20:57:04","guid":{"rendered":"https:\/\/www.synergie-ev.de\/?page_id=650"},"modified":"2024-02-29T14:28:56","modified_gmt":"2024-02-29T11:28:56","slug":"weltfrauentag","status":"publish","type":"page","link":"https:\/\/www.synergie-ev.de\/?page_id=650","title":{"rendered":"Weltfrauentag"},"content":{"rendered":"\n<figure class=\"wp-block-image size-large is-style-default\"><img loading=\"lazy\" decoding=\"async\" width=\"724\" height=\"1024\" src=\"https:\/\/www.synergie-ev.de\/wp-content\/uploads\/2024\/02\/1000038638-724x1024.jpg\" alt=\"\" class=\"wp-image-651\" srcset=\"https:\/\/www.synergie-ev.de\/wp-content\/uploads\/2024\/02\/1000038638-724x1024.jpg 724w, https:\/\/www.synergie-ev.de\/wp-content\/uploads\/2024\/02\/1000038638-212x300.jpg 212w, https:\/\/www.synergie-ev.de\/wp-content\/uploads\/2024\/02\/1000038638-768x1086.jpg 768w, https:\/\/www.synergie-ev.de\/wp-content\/uploads\/2024\/02\/1000038638.jpg 1002w\" sizes=\"auto, (max-width: 724px) 100vw, 724px\" \/><\/figure>\n\n\n\n<p>08. M\u00e4rz 2024<\/p>\n\n\n\n<p>Gespr\u00e4chsabend und Erfahrungsaustausch Weinheim<\/p>\n\n\n\n<p>Redebeitr\u00e4ge:<\/p>\n\n\n\n<p>Ulrike Hermann<\/p>\n\n\n\n<p>Integrationsbeauftragte Weinheim<\/p>\n\n\n\n<p>Yvonne Gider<\/p>\n\n\n\n<p>stellv. Schulleiterin der KvD-Schule Mannheim<\/p>\n","protected":false},"excerpt":{"rendered":"<p>08. M\u00e4rz 2024 Gespr\u00e4chsabend und Erfahrungsaustausch Weinheim Redebeitr\u00e4ge: Ulrike Hermann Integrationsbeauftragte Weinheim Yvonne Gider stellv. Schulleiterin der KvD-Schule Mannheim<\/p>\n","protected":false},"author":1,"featured_media":0,"parent":348,"menu_order":0,"comment_status":"closed","ping_status":"closed","template":"","meta":{"footnotes":""},"class_list":["post-650","page","type-page","status-publish","hentry"],"_links":{"self":[{"href":"https:\/\/www.synergie-ev.de\/index.php?rest_route=\/wp\/v2\/pages\/650","targetHints":{"allow":["GET"]}}],"collection":[{"href":"https:\/\/www.synergie-ev.de\/index.php?rest_route=\/wp\/v2\/pages"}],"about":[{"href":"https:\/\/www.synergie-ev.de\/index.php?rest_route=\/wp\/v2\/types\/page"}],"author":[{"embeddable":true,"href":"https:\/\/www.synergie-ev.de\/index.php?rest_route=\/wp\/v2\/users\/1"}],"replies":[{"embeddable":true,"href":"https:\/\/www.synergie-ev.de\/index.php?rest_route=%2Fwp%2Fv2%2Fcomments&post=650"}],"version-history":[{"count":4,"href":"https:\/\/www.synergie-ev.de\/index.php?rest_route=\/wp\/v2\/pages\/650\/revisions"}],"predecessor-version":[{"id":658,"href":"https:\/\/www.synergie-ev.de\/index.php?rest_route=\/wp\/v2\/pages\/650\/revisions\/658"}],"up":[{"embeddable":true,"href":"https:\/\/www.synergie-ev.de\/index.php?rest_route=\/wp\/v2\/pages\/348"}],"wp:attachment":[{"href":"https:\/\/www.synergie-ev.de\/index.php?rest_route=%2Fwp%2Fv2%2Fmedia&parent=650"}],"curies":[{"name":"wp","href":"https:\/\/api.w.org\/{rel}","templated":true}]}}