{"id":72,"date":"2021-12-19T16:30:53","date_gmt":"2021-12-19T13:30:53","guid":{"rendered":"https:\/\/www.synergie-ev.de\/?page_id=72"},"modified":"2021-12-19T16:30:54","modified_gmt":"2021-12-19T13:30:54","slug":"grundschule","status":"publish","type":"page","link":"https:\/\/www.synergie-ev.de\/?page_id=72","title":{"rendered":"Grundschule"},"content":{"rendered":"\n<p>Manche&nbsp;Kinder&nbsp;ben\u00f6tigen&nbsp;bereits in der Grundschule Unterst\u00fctzung. Die Sch\u00fclerf\u00f6rderung zeigt Ihnen&nbsp;diverse Lerntechniken und Konzentrations\u00fcbungen, so dass Sie sich&nbsp;den gelernten Stoff besser einpr\u00e4gen k\u00f6nnen.<\/p>\n\n\n\n<p>Heutzutage ist es nicht un\u00fcblich, dass Kinder bereits im Grundschulalter von einer neutralen Person unterst\u00fctzt werden.&nbsp;Durch die&nbsp;steigende Konkurrenz unter Schulabg\u00e4ngern, einen guten Job zu erreichen, ist es immer wichtiger einen guten Schulabschluss vorzuweisen. In der Grundschule wird hierzu die Basis geschaffen, auf die in weitergehenden Schulen aufgebaut werden kann. Wenn Sie Ihrem Kind fr\u00fchzeitig helfen,&nbsp;legen Sie somit den wichtigen&nbsp;Grundstein f\u00fcr die sp\u00e4tere berufliche Laufbahn.<\/p>\n\n\n\n<p>Nat\u00fcrlich unterscheidet sich die Nachhilfe im Bereich Grundschule von der&nbsp;klassischen Nachhilfe. Die Kinder sollen&nbsp;Spa\u00df am Lernen entwickeln und diesen auch behalten.&nbsp;Aus diesem&nbsp;Grund passen wir den&nbsp;Unterricht genau&nbsp;an die Bed\u00fcrfnisse Ihres Kindes an.&nbsp;Spielerisch werden unklare Themen angeschnitten und auf einfache Art und Weise erkl\u00e4rt.<\/p>\n\n\n\n<p>Um sich einen besseren \u00dcberblick verschaffen zu k\u00f6nnen, vereinbaren Sie mit unserer Studioleitung vor Ort&nbsp;ein kostenloses Beratungsgespr\u00e4ch.<\/p>\n\n\n\n<p><strong>Wichtige Lehrinhalte sind u.a.:<\/strong><\/p>\n\n\n\n<p><img decoding=\"async\" src=\"http:\/\/hd-sf.de\/hd\/images\/ok.png\" alt=\"\">&nbsp;Sachkunde<\/p>\n\n\n\n<p><img decoding=\"async\" src=\"http:\/\/hd-sf.de\/hd\/images\/ok.png\" alt=\"\">&nbsp;Mathematik<\/p>\n\n\n\n<p><img decoding=\"async\" src=\"http:\/\/hd-sf.de\/hd\/images\/ok.png\" alt=\"\">&nbsp;Deutsch<\/p>\n\n\n\n<p><img decoding=\"async\" src=\"http:\/\/hd-sf.de\/hd\/images\/ok.png\" alt=\"\">&nbsp;Englisch\/Franz\u00f6sisch (Alternativ<\/p>\n\n\n\n<p><strong>Unsere Leistungen:<\/strong><\/p>\n\n\n\n<ul class=\"wp-block-list\"><li>Vermittlung von Lerntechniken und Konzentrations\u00fcbungen<\/li><li>kostenlose Hausaufgabenbetreuung, Klausur- und Pr\u00fcfungsvorbereitung<\/li><li>gezielte F\u00f6rderung der Kinder<\/li><li>Unterricht in kleinen Gruppen mit maximal 7 Sch\u00fclerinnen und Sch\u00fclern<\/li><li>sozialp\u00e4dagogische Betreuung<\/li><li>kostenloser&nbsp; Motivationsunterricht f\u00fcr alle Klassenstufen<\/li><\/ul>\n","protected":false},"excerpt":{"rendered":"<p>Manche&nbsp;Kinder&nbsp;ben\u00f6tigen&nbsp;bereits in der Grundschule Unterst\u00fctzung. Die Sch\u00fclerf\u00f6rderung zeigt Ihnen&nbsp;diverse Lerntechniken und Konzentrations\u00fcbungen, so dass Sie sich&nbsp;den gelernten Stoff besser einpr\u00e4gen k\u00f6nnen. Heutzutage ist es nicht un\u00fcblich, dass Kinder bereits im Grundschulalter von einer neutralen Person unterst\u00fctzt werden.&nbsp;Durch die&nbsp;steigende Konkurrenz unter<\/p>\n","protected":false},"author":1,"featured_media":0,"parent":0,"menu_order":0,"comment_status":"closed","ping_status":"closed","template":"","meta":{"footnotes":""},"class_list":["post-72","page","type-page","status-publish","hentry"],"_links":{"self":[{"href":"https:\/\/www.synergie-ev.de\/index.php?rest_route=\/wp\/v2\/pages\/72","targetHints":{"allow":["GET"]}}],"collection":[{"href":"https:\/\/www.synergie-ev.de\/index.php?rest_route=\/wp\/v2\/pages"}],"about":[{"href":"https:\/\/www.synergie-ev.de\/index.php?rest_route=\/wp\/v2\/types\/page"}],"author":[{"embeddable":true,"href":"https:\/\/www.synergie-ev.de\/index.php?rest_route=\/wp\/v2\/users\/1"}],"replies":[{"embeddable":true,"href":"https:\/\/www.synergie-ev.de\/index.php?rest_route=%2Fwp%2Fv2%2Fcomments&post=72"}],"version-history":[{"count":1,"href":"https:\/\/www.synergie-ev.de\/index.php?rest_route=\/wp\/v2\/pages\/72\/revisions"}],"predecessor-version":[{"id":74,"href":"https:\/\/www.synergie-ev.de\/index.php?rest_route=\/wp\/v2\/pages\/72\/revisions\/74"}],"wp:attachment":[{"href":"https:\/\/www.synergie-ev.de\/index.php?rest_route=%2Fwp%2Fv2%2Fmedia&parent=72"}],"curies":[{"name":"wp","href":"https:\/\/api.w.org\/{rel}","templated":true}]}}