{"id":75,"date":"2021-12-19T16:31:18","date_gmt":"2021-12-19T13:31:18","guid":{"rendered":"https:\/\/www.synergie-ev.de\/?page_id=75"},"modified":"2021-12-19T16:31:19","modified_gmt":"2021-12-19T13:31:19","slug":"prufungsvorbereitung","status":"publish","type":"page","link":"https:\/\/www.synergie-ev.de\/?page_id=75","title":{"rendered":"Pr\u00fcfungsvorbereitung"},"content":{"rendered":"\n<p>Der Unterricht selbst dient bereits als Vorbereitung auf die Pr\u00fcfungssituation: Angst, Stress und zitternde Knie werden schon hier gemindert. Unsere Dozenten k\u00f6nnen Sie aber dabei unterst\u00fctzen, diese Schreckgespenster zu vertreiben und die Pr\u00fcfungssituation erfolgreich zu meistern. Mit dem Aufbereiten der inhaltlichen Anforderungen gewinnenSie an Selbstvertrauen und Sicherheit. Au\u00dferdem lernen Sie mit dem vorhandenen Zeitdruck umzugehen und effektiv auf einen bestimmten Punkt hinzuarbeiten \u2013 Sie k\u00f6nnen der bevorstehenden Pr\u00fcfung nun erfolgreich ins Auge sehen. Die Lerneinheiten finden nach Ihren individuellen W\u00fcnschen statt. Das vorhandene Wissen wird nun wiederholt und gefestigt, L\u00fccken geschlossen. Dabei ist es auch m\u00f6glich, vorgegebene Pr\u00fcfungsaufgaben oder Klausuren der vergangenen Jahre gemeinsam durchzuarbeiten.<\/p>\n\n\n\n<p><strong>Mittlerer Schulabschluss<\/strong><\/p>\n\n\n\n<p>In vielen Bundesl\u00e4ndern gibt es mittlerweile zentrale Pr\u00fcfungen zum Erreichen des mittleren Schulabschlusses bzw. der Fachoberschulreife am Ende der 10. Klasse. Die Sch\u00fcler&nbsp;absolvieren&nbsp;hierbei landesweit einheitliche Pr\u00fcfungen. Wir bieten kompetente Hilfe zur Vorbereitung auf diese Pr\u00fcfungen an.<\/p>\n\n\n\n<p><strong>Qualifizierender Hauptschulabschluss<\/strong><\/p>\n\n\n\n<p>Der qualifizierende Hauptschulabschluss bietet Hauptsch\u00fclern die M\u00f6glichkeit, eine spezielle 10. Klasse mit dem Ziel des mittleren Schulabschlusses zu besuchen. Als Voraussetzung muss ein gewisser Durchschnitt erreicht und eine zus\u00e4tzliche Pr\u00fcfung absolviert werden. Wir bieten spezielle Vorbereitungskurse f\u00fcr den qualifizierenden Hauptschulabschluss an.<\/p>\n\n\n\n<p><strong>Nachpr\u00fcfungskurse<\/strong><\/p>\n\n\n\n<p>Oft kann eine gef\u00e4hrdete Versetzung unter bestimmten Voraussetzungen doch noch erreicht werden. Wir helfen mit speziellen Nachpr\u00fcfungskursen, in denen wir gezielte Unterst\u00fctzung anbieten, um das Klassenziel doch noch zu erreichen.<\/p>\n\n\n\n<p>Nehmen Sie&nbsp;online&nbsp;<a href=\"https:\/\/lernkreis-weinheim.de\/index.php\/kontakt\/\">Kontakt<\/a>&nbsp;mit uns auf<\/p>\n\n\n\n<p><strong>Unterst\u00fctzung bei u.a.<\/strong><\/p>\n\n\n\n<p><img decoding=\"async\" src=\"http:\/\/hd-sf.de\/hd\/images\/ok.png\" alt=\"\">&nbsp;Diagnose und Vergleichsarbeiten<\/p>\n\n\n\n<p><img decoding=\"async\" src=\"http:\/\/hd-sf.de\/hd\/images\/ok.png\" alt=\"\">&nbsp;Zentrale Lehrstands Erhebung<\/p>\n\n\n\n<p><img decoding=\"async\" src=\"http:\/\/hd-sf.de\/hd\/images\/ok.png\" alt=\"\">&nbsp;Gesamt-\/ Hauptschulabschluss<\/p>\n\n\n\n<p><img decoding=\"async\" src=\"http:\/\/hd-sf.de\/hd\/images\/ok.png\" alt=\"\">&nbsp;Qualifizierter Hauptschulabschluss<\/p>\n\n\n\n<p><img decoding=\"async\" src=\"http:\/\/hd-sf.de\/hd\/images\/ok.png\" alt=\"\">&nbsp;Realschulabschluss<\/p>\n\n\n\n<p><img decoding=\"async\" src=\"http:\/\/hd-sf.de\/hd\/images\/ok.png\" alt=\"\">&nbsp;CrashAbitur-und Fachabitur<\/p>\n\n\n\n<p><img decoding=\"async\" src=\"http:\/\/hd-sf.de\/hd\/images\/ok.png\" alt=\"\">&nbsp;Abschlusspr\u00fcfungen<\/p>\n\n\n\n<p>Mehr&nbsp;Informationen zu den einzelnen Pr\u00fcfungen<\/p>\n\n\n\n<p>erhalten Sie von unserer Studioleitung vor Ort.<\/p>\n","protected":false},"excerpt":{"rendered":"<p>Der Unterricht selbst dient bereits als Vorbereitung auf die Pr\u00fcfungssituation: Angst, Stress und zitternde Knie werden schon hier gemindert. Unsere Dozenten k\u00f6nnen Sie aber dabei unterst\u00fctzen, diese Schreckgespenster zu vertreiben und die Pr\u00fcfungssituation erfolgreich zu meistern. Mit dem Aufbereiten der<\/p>\n","protected":false},"author":1,"featured_media":0,"parent":0,"menu_order":0,"comment_status":"closed","ping_status":"closed","template":"","meta":{"footnotes":""},"class_list":["post-75","page","type-page","status-publish","hentry"],"_links":{"self":[{"href":"https:\/\/www.synergie-ev.de\/index.php?rest_route=\/wp\/v2\/pages\/75","targetHints":{"allow":["GET"]}}],"collection":[{"href":"https:\/\/www.synergie-ev.de\/index.php?rest_route=\/wp\/v2\/pages"}],"about":[{"href":"https:\/\/www.synergie-ev.de\/index.php?rest_route=\/wp\/v2\/types\/page"}],"author":[{"embeddable":true,"href":"https:\/\/www.synergie-ev.de\/index.php?rest_route=\/wp\/v2\/users\/1"}],"replies":[{"embeddable":true,"href":"https:\/\/www.synergie-ev.de\/index.php?rest_route=%2Fwp%2Fv2%2Fcomments&post=75"}],"version-history":[{"count":1,"href":"https:\/\/www.synergie-ev.de\/index.php?rest_route=\/wp\/v2\/pages\/75\/revisions"}],"predecessor-version":[{"id":77,"href":"https:\/\/www.synergie-ev.de\/index.php?rest_route=\/wp\/v2\/pages\/75\/revisions\/77"}],"wp:attachment":[{"href":"https:\/\/www.synergie-ev.de\/index.php?rest_route=%2Fwp%2Fv2%2Fmedia&parent=75"}],"curies":[{"name":"wp","href":"https:\/\/api.w.org\/{rel}","templated":true}]}}