{"id":858,"date":"2025-01-22T01:28:58","date_gmt":"2025-01-21T22:28:58","guid":{"rendered":"https:\/\/www.synergie-ev.de\/?page_id=858"},"modified":"2025-01-22T01:35:25","modified_gmt":"2025-01-21T22:35:25","slug":"nachhilfeangebote","status":"publish","type":"page","link":"https:\/\/www.synergie-ev.de\/?page_id=858","title":{"rendered":"Nachhilfekurse"},"content":{"rendered":"\n<p>Wir bieten professionelle&nbsp;<a href=\"https:\/\/www.instagram.com\/explore\/tags\/nachhilfekurse\/\">#Nachhilfekurse<\/a>&nbsp;f\u00fcr Sch\u00fclerinnen und&nbsp;<a href=\"https:\/\/www.instagram.com\/explore\/tags\/sch%C3%BCler\/\">#Sch\u00fcler<\/a>&nbsp;aller Klassenstufen an. Egal ob&nbsp;<a href=\"https:\/\/www.instagram.com\/explore\/tags\/mathe\/\">#Mathe<\/a>,&nbsp;<a href=\"https:\/\/www.instagram.com\/explore\/tags\/deutsch\/\">#Deutsch<\/a>,&nbsp;<a href=\"https:\/\/www.instagram.com\/explore\/tags\/englisch\/\">#Englisch<\/a>&nbsp;oder andere F\u00e4cher \u2013 wir helfen dabei, Lernl\u00fccken zu schlie\u00dfen und bessere Noten zu erzielen.<\/p>\n\n\n\n<p>\ud83d\udcda Einzel- oder Gruppenunterricht<br>\ud83d\udcc6 Flexible Termine<br>\ud83c\udfeb F\u00fcr alle Klassen und Schulformen<br>\u2728 Kostenlose Probestunde<\/p>\n\n\n\n<p>Melde dich bei uns, um mehr zu erfahren und die kostenlose Probestunde zu vereinbaren!<\/p>\n\n\n\n<figure class=\"wp-block-image size-large\"><img loading=\"lazy\" decoding=\"async\" width=\"819\" height=\"1024\" src=\"https:\/\/www.synergie-ev.de\/wp-content\/uploads\/2025\/01\/Webpage_Nachhilfe_Page-819x1024.png\" alt=\"\" class=\"wp-image-859\" srcset=\"https:\/\/www.synergie-ev.de\/wp-content\/uploads\/2025\/01\/Webpage_Nachhilfe_Page-819x1024.png 819w, https:\/\/www.synergie-ev.de\/wp-content\/uploads\/2025\/01\/Webpage_Nachhilfe_Page-240x300.png 240w, https:\/\/www.synergie-ev.de\/wp-content\/uploads\/2025\/01\/Webpage_Nachhilfe_Page-768x960.png 768w, https:\/\/www.synergie-ev.de\/wp-content\/uploads\/2025\/01\/Webpage_Nachhilfe_Page.png 1080w\" sizes=\"auto, (max-width: 819px) 100vw, 819px\" \/><\/figure>\n","protected":false},"excerpt":{"rendered":"<p>Wir bieten professionelle&nbsp;#Nachhilfekurse&nbsp;f\u00fcr Sch\u00fclerinnen und&nbsp;#Sch\u00fcler&nbsp;aller Klassenstufen an. Egal ob&nbsp;#Mathe,&nbsp;#Deutsch,&nbsp;#Englisch&nbsp;oder andere F\u00e4cher \u2013 wir helfen dabei, Lernl\u00fccken zu schlie\u00dfen und bessere Noten zu erzielen. \ud83d\udcda Einzel- oder Gruppenunterricht\ud83d\udcc6 Flexible Termine\ud83c\udfeb F\u00fcr alle Klassen und Schulformen\u2728 Kostenlose Probestunde Melde dich bei uns,<\/p>\n","protected":false},"author":1,"featured_media":0,"parent":0,"menu_order":0,"comment_status":"closed","ping_status":"closed","template":"","meta":{"footnotes":""},"class_list":["post-858","page","type-page","status-publish","hentry"],"_links":{"self":[{"href":"https:\/\/www.synergie-ev.de\/index.php?rest_route=\/wp\/v2\/pages\/858","targetHints":{"allow":["GET"]}}],"collection":[{"href":"https:\/\/www.synergie-ev.de\/index.php?rest_route=\/wp\/v2\/pages"}],"about":[{"href":"https:\/\/www.synergie-ev.de\/index.php?rest_route=\/wp\/v2\/types\/page"}],"author":[{"embeddable":true,"href":"https:\/\/www.synergie-ev.de\/index.php?rest_route=\/wp\/v2\/users\/1"}],"replies":[{"embeddable":true,"href":"https:\/\/www.synergie-ev.de\/index.php?rest_route=%2Fwp%2Fv2%2Fcomments&post=858"}],"version-history":[{"count":3,"href":"https:\/\/www.synergie-ev.de\/index.php?rest_route=\/wp\/v2\/pages\/858\/revisions"}],"predecessor-version":[{"id":865,"href":"https:\/\/www.synergie-ev.de\/index.php?rest_route=\/wp\/v2\/pages\/858\/revisions\/865"}],"wp:attachment":[{"href":"https:\/\/www.synergie-ev.de\/index.php?rest_route=%2Fwp%2Fv2%2Fmedia&parent=858"}],"curies":[{"name":"wp","href":"https:\/\/api.w.org\/{rel}","templated":true}]}}