{"id":87,"date":"2021-12-19T16:33:04","date_gmt":"2021-12-19T13:33:04","guid":{"rendered":"https:\/\/www.synergie-ev.de\/?page_id=87"},"modified":"2021-12-19T16:33:04","modified_gmt":"2021-12-19T13:33:04","slug":"turkischkurs","status":"publish","type":"page","link":"https:\/\/www.synergie-ev.de\/?page_id=87","title":{"rendered":"T\u00fcrkischkurs"},"content":{"rendered":"\n<ul class=\"wp-block-list\"><li><strong>Alle die T\u00fcrkisch lernen wollen<\/strong><\/li><li><strong>T\u00fcrken die kein T\u00fcrkisch sprechen k\u00f6nnen<\/strong><\/li><li><strong>2 Tage in der Woche (4U.Stunden\/Woche)<\/strong><\/li><li><strong>Gesamt 120 U. Stunden<\/strong><\/li><li><strong>Zeit: 17:30-19:30 Di, Do,Fr<\/strong><strong><\/strong><\/li><li><strong>Preis:&nbsp; 5 \u20ac (std.)<\/strong><\/li><li><strong>Einzelunterricht auch m\u00f6glich<\/strong><\/li><\/ul>\n","protected":false},"excerpt":{"rendered":"<p>Alle die T\u00fcrkisch lernen wollen T\u00fcrken die kein T\u00fcrkisch sprechen k\u00f6nnen 2 Tage in der Woche (4U.Stunden\/Woche) Gesamt 120 U. Stunden Zeit: 17:30-19:30 Di, Do,Fr Preis:&nbsp; 5 \u20ac (std.) Einzelunterricht auch m\u00f6glich<\/p>\n","protected":false},"author":1,"featured_media":0,"parent":0,"menu_order":0,"comment_status":"closed","ping_status":"closed","template":"","meta":{"footnotes":""},"class_list":["post-87","page","type-page","status-publish","hentry"],"_links":{"self":[{"href":"https:\/\/www.synergie-ev.de\/index.php?rest_route=\/wp\/v2\/pages\/87","targetHints":{"allow":["GET"]}}],"collection":[{"href":"https:\/\/www.synergie-ev.de\/index.php?rest_route=\/wp\/v2\/pages"}],"about":[{"href":"https:\/\/www.synergie-ev.de\/index.php?rest_route=\/wp\/v2\/types\/page"}],"author":[{"embeddable":true,"href":"https:\/\/www.synergie-ev.de\/index.php?rest_route=\/wp\/v2\/users\/1"}],"replies":[{"embeddable":true,"href":"https:\/\/www.synergie-ev.de\/index.php?rest_route=%2Fwp%2Fv2%2Fcomments&post=87"}],"version-history":[{"count":1,"href":"https:\/\/www.synergie-ev.de\/index.php?rest_route=\/wp\/v2\/pages\/87\/revisions"}],"predecessor-version":[{"id":89,"href":"https:\/\/www.synergie-ev.de\/index.php?rest_route=\/wp\/v2\/pages\/87\/revisions\/89"}],"wp:attachment":[{"href":"https:\/\/www.synergie-ev.de\/index.php?rest_route=%2Fwp%2Fv2%2Fmedia&parent=87"}],"curies":[{"name":"wp","href":"https:\/\/api.w.org\/{rel}","templated":true}]}}