{"id":885,"date":"2025-07-13T09:47:17","date_gmt":"2025-07-13T06:47:17","guid":{"rendered":"https:\/\/www.synergie-ev.de\/?page_id=885"},"modified":"2025-07-13T10:08:53","modified_gmt":"2025-07-13T07:08:53","slug":"bewegungsfest-in-morlenbach","status":"publish","type":"page","link":"https:\/\/www.synergie-ev.de\/?page_id=885","title":{"rendered":"Bewegungsfest in M\u00f6rlenbach!"},"content":{"rendered":"\n<div class=\"wp-block-columns is-layout-flex wp-container-core-columns-is-layout-28f84493 wp-block-columns-is-layout-flex\">\n<div class=\"wp-block-column is-layout-flow wp-block-column-is-layout-flow\" style=\"flex-basis:100%\">\n<div class=\"wp-block-columns is-layout-flex wp-container-core-columns-is-layout-28f84493 wp-block-columns-is-layout-flex\">\n<div class=\"wp-block-column is-layout-flow wp-block-column-is-layout-flow\" style=\"flex-basis:50%\">\n<figure class=\"wp-block-image size-large\"><img loading=\"lazy\" decoding=\"async\" width=\"819\" height=\"1024\" src=\"https:\/\/www.synergie-ev.de\/wp-content\/uploads\/2025\/07\/WhatsApp-Image-2025-07-13-at-08.35.40-819x1024.jpeg\" alt=\"\" class=\"wp-image-888\" srcset=\"https:\/\/www.synergie-ev.de\/wp-content\/uploads\/2025\/07\/WhatsApp-Image-2025-07-13-at-08.35.40-819x1024.jpeg 819w, https:\/\/www.synergie-ev.de\/wp-content\/uploads\/2025\/07\/WhatsApp-Image-2025-07-13-at-08.35.40-240x300.jpeg 240w, https:\/\/www.synergie-ev.de\/wp-content\/uploads\/2025\/07\/WhatsApp-Image-2025-07-13-at-08.35.40-768x960.jpeg 768w, https:\/\/www.synergie-ev.de\/wp-content\/uploads\/2025\/07\/WhatsApp-Image-2025-07-13-at-08.35.40.jpeg 1080w\" sizes=\"auto, (max-width: 819px) 100vw, 819px\" \/><\/figure>\n<\/div>\n\n\n\n<div class=\"wp-block-column is-layout-flow wp-block-column-is-layout-flow\" style=\"flex-basis:50%\">\n<figure class=\"wp-block-video\"><video height=\"1350\" style=\"aspect-ratio: 1080 \/ 1350;\" width=\"1080\" controls src=\"https:\/\/www.synergie-ev.de\/wp-content\/uploads\/2025\/07\/Morlenbachfest.mp4\"><\/video><\/figure>\n<\/div>\n<\/div>\n<\/div>\n<\/div>\n\n\n\n<p><\/p>\n\n\n\n<p>Synergie Sch\u00fclerf\u00f6rderung e.V beim Bewegungsfest in M\u00f6rlenbach!<br>Am 28. Juni waren wir beim \u201ehopp! bewegt\u201c-Fest mit dabei \u2013 mit einem liebevoll gestalteten Stand voller t\u00fcrkischer Spezialit\u00e4ten und einem bezaubernden Auftritt unserer Kinder-Tanzgruppe! \ud83e\udd73\u2728<\/p>\n\n\n\n<p>\ud83d\udc83 Unsere Kinder haben das Publikum mit traditionellen Volkst\u00e4nzen begeistert.<br>\ud83c\udf7d\ufe0f Manti, G\u00f6zleme, \u00c7i\u011f K\u00f6fte und Baklava \u2013 frisch &amp; mit Herz zubereitet!<\/p>\n\n\n\n<p>Ein gro\u00dfes Dankesch\u00f6n an alle Helferinnen, Besucherinnen und Unterst\u00fctzer*innen! \ud83e\udde1<br>Wir freuen uns schon aufs n\u00e4chste Mal!<br><a href=\"https:\/\/www.instagram.com\/gemeindeverwaltung_moerlenbach\/\">@gemeindeverwaltung_moerlenbach<\/a><br><a href=\"https:\/\/www.instagram.com\/erikkadesch\/\">@erikkadesch<\/a><a href=\"https:\/\/www.instagram.com\/wnoz.de\/\">@wnoz.de<\/a><br><a href=\"https:\/\/www.instagram.com\/explore\/tags\/synergie\/\">#Synergie<\/a> Sch\u00fclerf\u00f6rderung e.V <a href=\"https:\/\/www.instagram.com\/explore\/tags\/hoppbewegt\/\">#hoppbewegt<\/a><a href=\"https:\/\/www.instagram.com\/explore\/tags\/m%C3%B6rlenbach\/\">#M\u00f6rlenbach<\/a><a href=\"https:\/\/www.instagram.com\/explore\/tags\/kindertanzen\/\">#KinderTanzen<\/a><a href=\"https:\/\/www.instagram.com\/explore\/tags\/tanzundkultur\/\">#TanzUndKultur<\/a><a href=\"https:\/\/www.instagram.com\/explore\/tags\/t%C3%BCrkischespezialit%C3%A4ten\/\">#T\u00fcrkischeSpezialit\u00e4ten<\/a><a href=\"https:\/\/www.instagram.com\/explore\/tags\/vielfalterleben\/\">#VielfaltErleben<\/a><a href=\"https:\/\/www.instagram.com\/explore\/tags\/gemeinsamstark\/\">#GemeinsamStark<\/a><a href=\"https:\/\/www.instagram.com\/explore\/tags\/ehrenamtlich\/\">#Ehrenamtlich<\/a><a href=\"https:\/\/www.instagram.com\/explore\/tags\/bildungbewegt\/\">#BildungBewegt<\/a><\/p>\n\n\n\n<p><\/p>\n","protected":false},"excerpt":{"rendered":"<p>Synergie Sch\u00fclerf\u00f6rderung e.V beim Bewegungsfest in M\u00f6rlenbach!Am 28. Juni waren wir beim \u201ehopp! bewegt\u201c-Fest mit dabei \u2013 mit einem liebevoll gestalteten Stand voller t\u00fcrkischer Spezialit\u00e4ten und einem bezaubernden Auftritt unserer Kinder-Tanzgruppe! \ud83e\udd73\u2728 \ud83d\udc83 Unsere Kinder haben das Publikum mit traditionellen<\/p>\n","protected":false},"author":1,"featured_media":0,"parent":348,"menu_order":0,"comment_status":"closed","ping_status":"closed","template":"","meta":{"footnotes":""},"class_list":["post-885","page","type-page","status-publish","hentry"],"_links":{"self":[{"href":"https:\/\/www.synergie-ev.de\/index.php?rest_route=\/wp\/v2\/pages\/885","targetHints":{"allow":["GET"]}}],"collection":[{"href":"https:\/\/www.synergie-ev.de\/index.php?rest_route=\/wp\/v2\/pages"}],"about":[{"href":"https:\/\/www.synergie-ev.de\/index.php?rest_route=\/wp\/v2\/types\/page"}],"author":[{"embeddable":true,"href":"https:\/\/www.synergie-ev.de\/index.php?rest_route=\/wp\/v2\/users\/1"}],"replies":[{"embeddable":true,"href":"https:\/\/www.synergie-ev.de\/index.php?rest_route=%2Fwp%2Fv2%2Fcomments&post=885"}],"version-history":[{"count":3,"href":"https:\/\/www.synergie-ev.de\/index.php?rest_route=\/wp\/v2\/pages\/885\/revisions"}],"predecessor-version":[{"id":896,"href":"https:\/\/www.synergie-ev.de\/index.php?rest_route=\/wp\/v2\/pages\/885\/revisions\/896"}],"up":[{"embeddable":true,"href":"https:\/\/www.synergie-ev.de\/index.php?rest_route=\/wp\/v2\/pages\/348"}],"wp:attachment":[{"href":"https:\/\/www.synergie-ev.de\/index.php?rest_route=%2Fwp%2Fv2%2Fmedia&parent=885"}],"curies":[{"name":"wp","href":"https:\/\/api.w.org\/{rel}","templated":true}]}}