{"id":927,"date":"2025-10-21T00:36:06","date_gmt":"2025-10-20T21:36:06","guid":{"rendered":"https:\/\/www.synergie-ev.de\/?page_id=927"},"modified":"2025-10-21T00:36:07","modified_gmt":"2025-10-20T21:36:07","slug":"gedichtwettbewerb-bei-synergie-schulerforderung-e-v-%f0%9f%8c%9f","status":"publish","type":"page","link":"https:\/\/www.synergie-ev.de\/?page_id=927","title":{"rendered":"Gedichtwettbewerb bei Synergie Sch\u00fclerf\u00f6rderung e. V. \ud83c\udf1f"},"content":{"rendered":"\n<figure class=\"wp-block-gallery has-nested-images columns-default is-cropped wp-block-gallery-1 is-layout-flex wp-block-gallery-is-layout-flex\">\n<figure class=\"wp-block-image size-large\"><img loading=\"lazy\" decoding=\"async\" width=\"819\" height=\"1024\" data-id=\"933\" src=\"https:\/\/www.synergie-ev.de\/wp-content\/uploads\/2025\/10\/30-1-819x1024.png\" alt=\"\" class=\"wp-image-933\" srcset=\"https:\/\/www.synergie-ev.de\/wp-content\/uploads\/2025\/10\/30-1-819x1024.png 819w, https:\/\/www.synergie-ev.de\/wp-content\/uploads\/2025\/10\/30-1-240x300.png 240w, https:\/\/www.synergie-ev.de\/wp-content\/uploads\/2025\/10\/30-1-768x960.png 768w, https:\/\/www.synergie-ev.de\/wp-content\/uploads\/2025\/10\/30-1.png 1080w\" sizes=\"auto, (max-width: 819px) 100vw, 819px\" \/><\/figure>\n\n\n\n<figure class=\"wp-block-image size-large\"><img loading=\"lazy\" decoding=\"async\" width=\"819\" height=\"1024\" data-id=\"934\" src=\"https:\/\/www.synergie-ev.de\/wp-content\/uploads\/2025\/10\/29-1-819x1024.png\" alt=\"\" class=\"wp-image-934\" srcset=\"https:\/\/www.synergie-ev.de\/wp-content\/uploads\/2025\/10\/29-1-819x1024.png 819w, https:\/\/www.synergie-ev.de\/wp-content\/uploads\/2025\/10\/29-1-240x300.png 240w, https:\/\/www.synergie-ev.de\/wp-content\/uploads\/2025\/10\/29-1-768x960.png 768w, https:\/\/www.synergie-ev.de\/wp-content\/uploads\/2025\/10\/29-1.png 1080w\" sizes=\"auto, (max-width: 819px) 100vw, 819px\" \/><\/figure>\n\n\n\n<figure class=\"wp-block-image size-large\"><img loading=\"lazy\" decoding=\"async\" width=\"819\" height=\"1024\" data-id=\"938\" src=\"https:\/\/www.synergie-ev.de\/wp-content\/uploads\/2025\/10\/28-1-819x1024.png\" alt=\"\" class=\"wp-image-938\" srcset=\"https:\/\/www.synergie-ev.de\/wp-content\/uploads\/2025\/10\/28-1-819x1024.png 819w, https:\/\/www.synergie-ev.de\/wp-content\/uploads\/2025\/10\/28-1-240x300.png 240w, https:\/\/www.synergie-ev.de\/wp-content\/uploads\/2025\/10\/28-1-768x960.png 768w, https:\/\/www.synergie-ev.de\/wp-content\/uploads\/2025\/10\/28-1.png 1080w\" sizes=\"auto, (max-width: 819px) 100vw, 819px\" \/><\/figure>\n\n\n\n<figure class=\"wp-block-image size-large\"><img loading=\"lazy\" decoding=\"async\" width=\"819\" height=\"1024\" data-id=\"939\" src=\"https:\/\/www.synergie-ev.de\/wp-content\/uploads\/2025\/10\/27-1-819x1024.png\" alt=\"\" class=\"wp-image-939\" srcset=\"https:\/\/www.synergie-ev.de\/wp-content\/uploads\/2025\/10\/27-1-819x1024.png 819w, https:\/\/www.synergie-ev.de\/wp-content\/uploads\/2025\/10\/27-1-240x300.png 240w, https:\/\/www.synergie-ev.de\/wp-content\/uploads\/2025\/10\/27-1-768x960.png 768w, https:\/\/www.synergie-ev.de\/wp-content\/uploads\/2025\/10\/27-1.png 1080w\" sizes=\"auto, (max-width: 819px) 100vw, 819px\" \/><\/figure>\n\n\n\n<figure class=\"wp-block-image size-large\"><img loading=\"lazy\" decoding=\"async\" width=\"819\" height=\"1024\" data-id=\"937\" src=\"https:\/\/www.synergie-ev.de\/wp-content\/uploads\/2025\/10\/26-1-819x1024.png\" alt=\"\" class=\"wp-image-937\" srcset=\"https:\/\/www.synergie-ev.de\/wp-content\/uploads\/2025\/10\/26-1-819x1024.png 819w, https:\/\/www.synergie-ev.de\/wp-content\/uploads\/2025\/10\/26-1-240x300.png 240w, https:\/\/www.synergie-ev.de\/wp-content\/uploads\/2025\/10\/26-1-768x960.png 768w, https:\/\/www.synergie-ev.de\/wp-content\/uploads\/2025\/10\/26-1.png 1080w\" sizes=\"auto, (max-width: 819px) 100vw, 819px\" \/><\/figure>\n\n\n\n<figure class=\"wp-block-image size-large\"><img loading=\"lazy\" decoding=\"async\" width=\"819\" height=\"1024\" data-id=\"936\" src=\"https:\/\/www.synergie-ev.de\/wp-content\/uploads\/2025\/10\/25-819x1024.png\" alt=\"\" class=\"wp-image-936\" srcset=\"https:\/\/www.synergie-ev.de\/wp-content\/uploads\/2025\/10\/25-819x1024.png 819w, https:\/\/www.synergie-ev.de\/wp-content\/uploads\/2025\/10\/25-240x300.png 240w, https:\/\/www.synergie-ev.de\/wp-content\/uploads\/2025\/10\/25-768x960.png 768w, https:\/\/www.synergie-ev.de\/wp-content\/uploads\/2025\/10\/25.png 1080w\" sizes=\"auto, (max-width: 819px) 100vw, 819px\" \/><\/figure>\n\n\n\n<figure class=\"wp-block-image size-large\"><img loading=\"lazy\" decoding=\"async\" width=\"819\" height=\"1024\" data-id=\"935\" src=\"https:\/\/www.synergie-ev.de\/wp-content\/uploads\/2025\/10\/24-819x1024.png\" alt=\"\" class=\"wp-image-935\"\/><\/figure>\n<\/figure>\n\n\n\n<p>Am 11. Oktober hat Synergie Sch\u00fclerf\u00f6rderung e. V. einen besonderen Gedichtwettbewerb organisiert.<br>Viele Kinder nahmen mit gro\u00dfem Engagement teil und trugen ihre Gedichte mit Freude und Kreativit\u00e4t vor. \u2728<\/p>\n\n\n\n<p>Die Veranstaltung war voller Emotionen, sch\u00f6ner Worte und gemeinsamer Begeisterung.<br>Ein herzliches Dankesch\u00f6n an alle Teilnehmenden, Lehrkr\u00e4fte und Unterst\u00fctzenden f\u00fcr diesen gelungenen Tag! \ud83d\udc90<\/p>\n\n\n\n<p><a href=\"https:\/\/www.instagram.com\/explore\/tags\/synergiesch%C3%BClerf%C3%B6rderung\/\">#SynergieSch\u00fclerf\u00f6rderung<\/a><a href=\"https:\/\/www.instagram.com\/explore\/tags\/gedichtwettbewerb\/\">#Gedichtwettbewerb<\/a><a href=\"https:\/\/www.instagram.com\/explore\/tags\/kreativit%C3%A4t\/\">#Kreativit\u00e4t<\/a><a href=\"https:\/\/www.instagram.com\/explore\/tags\/bildung\/\">#Bildung<\/a><a href=\"https:\/\/www.instagram.com\/explore\/tags\/gemeinschaft\/\">#Gemeinschaft<\/a><a href=\"https:\/\/www.instagram.com\/explore\/tags\/kinderpower\/\">#Kinderpower<\/a><\/p>\n","protected":false},"excerpt":{"rendered":"<p>Am 11. Oktober hat Synergie Sch\u00fclerf\u00f6rderung e. V. einen besonderen Gedichtwettbewerb organisiert.Viele Kinder nahmen mit gro\u00dfem Engagement teil und trugen ihre Gedichte mit Freude und Kreativit\u00e4t vor. \u2728 Die Veranstaltung war voller Emotionen, sch\u00f6ner Worte und gemeinsamer Begeisterung.Ein herzliches Dankesch\u00f6n<\/p>\n","protected":false},"author":1,"featured_media":0,"parent":348,"menu_order":0,"comment_status":"closed","ping_status":"closed","template":"","meta":{"footnotes":""},"class_list":["post-927","page","type-page","status-publish","hentry"],"_links":{"self":[{"href":"https:\/\/www.synergie-ev.de\/index.php?rest_route=\/wp\/v2\/pages\/927","targetHints":{"allow":["GET"]}}],"collection":[{"href":"https:\/\/www.synergie-ev.de\/index.php?rest_route=\/wp\/v2\/pages"}],"about":[{"href":"https:\/\/www.synergie-ev.de\/index.php?rest_route=\/wp\/v2\/types\/page"}],"author":[{"embeddable":true,"href":"https:\/\/www.synergie-ev.de\/index.php?rest_route=\/wp\/v2\/users\/1"}],"replies":[{"embeddable":true,"href":"https:\/\/www.synergie-ev.de\/index.php?rest_route=%2Fwp%2Fv2%2Fcomments&post=927"}],"version-history":[{"count":1,"href":"https:\/\/www.synergie-ev.de\/index.php?rest_route=\/wp\/v2\/pages\/927\/revisions"}],"predecessor-version":[{"id":942,"href":"https:\/\/www.synergie-ev.de\/index.php?rest_route=\/wp\/v2\/pages\/927\/revisions\/942"}],"up":[{"embeddable":true,"href":"https:\/\/www.synergie-ev.de\/index.php?rest_route=\/wp\/v2\/pages\/348"}],"wp:attachment":[{"href":"https:\/\/www.synergie-ev.de\/index.php?rest_route=%2Fwp%2Fv2%2Fmedia&parent=927"}],"curies":[{"name":"wp","href":"https:\/\/api.w.org\/{rel}","templated":true}]}}