{"id":963,"date":"2026-02-22T17:36:05","date_gmt":"2026-02-22T14:36:05","guid":{"rendered":"https:\/\/www.synergie-ev.de\/?page_id=963"},"modified":"2026-02-22T17:36:06","modified_gmt":"2026-02-22T14:36:06","slug":"sprache-macht-mut-januar-aktivitaten","status":"publish","type":"page","link":"https:\/\/www.synergie-ev.de\/?page_id=963","title":{"rendered":"Sprache macht Mut \u2013 Januar-Aktivit\u00e4ten"},"content":{"rendered":"\n<figure class=\"wp-block-image size-large\"><img loading=\"lazy\" decoding=\"async\" width=\"819\" height=\"1024\" src=\"https:\/\/www.synergie-ev.de\/wp-content\/uploads\/2026\/02\/989c2f21-a20e-4ccb-9bfd-13eb3e080d12-819x1024.jpeg\" alt=\"\" class=\"wp-image-964\" srcset=\"https:\/\/www.synergie-ev.de\/wp-content\/uploads\/2026\/02\/989c2f21-a20e-4ccb-9bfd-13eb3e080d12-819x1024.jpeg 819w, https:\/\/www.synergie-ev.de\/wp-content\/uploads\/2026\/02\/989c2f21-a20e-4ccb-9bfd-13eb3e080d12-240x300.jpeg 240w, https:\/\/www.synergie-ev.de\/wp-content\/uploads\/2026\/02\/989c2f21-a20e-4ccb-9bfd-13eb3e080d12-768x960.jpeg 768w, https:\/\/www.synergie-ev.de\/wp-content\/uploads\/2026\/02\/989c2f21-a20e-4ccb-9bfd-13eb3e080d12.jpeg 1080w\" sizes=\"auto, (max-width: 819px) 100vw, 819px\" \/><\/figure>\n\n\n\n<p>Im Januar hat Synergie e.V. Weinheim im Rahmen des Sprachf\u00f6rderungsprojekts \u201eSprache macht Mut\u201c vier Lesewerkst\u00e4tten f\u00fcr Kinder durchgef\u00fchrt. Ziel war die gezielte F\u00f6rderung der Lese-, Verst\u00e4ndnis- und Ausdruckskompetenzen in der deutschen Sprache.<\/p>\n\n\n\n<p>Durch gemeinsames Lesen und Austausch konnten die Kinder ihre Sprachsicherheit st\u00e4rken. Erg\u00e4nzende Ausfl\u00fcge sind im weiteren Projektverlauf vorgesehen.<\/p>\n\n\n\n<p>Das Projekt \u201eSprache macht Mut\u201c wird von BASF unterst\u00fctzt.<\/p>\n\n\n\n<p><\/p>\n","protected":false},"excerpt":{"rendered":"<p>Im Januar hat Synergie e.V. Weinheim im Rahmen des Sprachf\u00f6rderungsprojekts \u201eSprache macht Mut\u201c vier Lesewerkst\u00e4tten f\u00fcr Kinder durchgef\u00fchrt. Ziel war die gezielte F\u00f6rderung der Lese-, Verst\u00e4ndnis- und Ausdruckskompetenzen in der deutschen Sprache. Durch gemeinsames Lesen und Austausch konnten die Kinder<\/p>\n","protected":false},"author":1,"featured_media":0,"parent":0,"menu_order":0,"comment_status":"closed","ping_status":"closed","template":"","meta":{"footnotes":""},"class_list":["post-963","page","type-page","status-publish","hentry"],"_links":{"self":[{"href":"https:\/\/www.synergie-ev.de\/index.php?rest_route=\/wp\/v2\/pages\/963","targetHints":{"allow":["GET"]}}],"collection":[{"href":"https:\/\/www.synergie-ev.de\/index.php?rest_route=\/wp\/v2\/pages"}],"about":[{"href":"https:\/\/www.synergie-ev.de\/index.php?rest_route=\/wp\/v2\/types\/page"}],"author":[{"embeddable":true,"href":"https:\/\/www.synergie-ev.de\/index.php?rest_route=\/wp\/v2\/users\/1"}],"replies":[{"embeddable":true,"href":"https:\/\/www.synergie-ev.de\/index.php?rest_route=%2Fwp%2Fv2%2Fcomments&post=963"}],"version-history":[{"count":1,"href":"https:\/\/www.synergie-ev.de\/index.php?rest_route=\/wp\/v2\/pages\/963\/revisions"}],"predecessor-version":[{"id":966,"href":"https:\/\/www.synergie-ev.de\/index.php?rest_route=\/wp\/v2\/pages\/963\/revisions\/966"}],"wp:attachment":[{"href":"https:\/\/www.synergie-ev.de\/index.php?rest_route=%2Fwp%2Fv2%2Fmedia&parent=963"}],"curies":[{"name":"wp","href":"https:\/\/api.w.org\/{rel}","templated":true}]}}